{"id":100,"date":"2025-10-26T21:26:00","date_gmt":"2025-10-26T20:26:00","guid":{"rendered":"https:\/\/ouvrezvousaubienetre.com\/?page_id=100"},"modified":"2025-10-26T21:26:00","modified_gmt":"2025-10-26T20:26:00","slug":"contactez-nous","status":"publish","type":"page","link":"https:\/\/ouvrezvousaubienetre.com\/?page_id=100","title":{"rendered":"Contactez nous"},"content":{"rendered":"<div class=\"wp-block-image\">\n<figure class=\"alignleft size-full is-resized\"><img loading=\"lazy\" decoding=\"async\" width=\"300\" height=\"300\" src=\"https:\/\/ouvrezvousaubienetre.com\/wp-content\/uploads\/2025\/10\/cropped-cropped-cropped-espacecarnot-300x300-1.jpg\" alt=\"\" class=\"wp-image-71\" style=\"width:213px;height:auto\" srcset=\"https:\/\/ouvrezvousaubienetre.com\/wp-content\/uploads\/2025\/10\/cropped-cropped-cropped-espacecarnot-300x300-1.jpg 300w, https:\/\/ouvrezvousaubienetre.com\/wp-content\/uploads\/2025\/10\/cropped-cropped-cropped-espacecarnot-300x300-1-150x150.jpg 150w\" sizes=\"auto, (max-width: 300px) 100vw, 300px\" \/><\/figure>\n<\/div>\n\n\n<p>06 42 57 33 98 gillesclautrier@orange.fr<\/p>\n\n\n\n<p>Espace Carnot Sant\u00e9 &amp; Bien -\u00eatre<\/p>\n\n\n\n<p>4 avenue Carnot 33200 Bordeaux<\/p>\n\n\n\n<p><\/p>\n\n\n\n<p>Mes horaires d&#8217;ouverture : du lundi au samedi de 9H \u00e0 19H<\/p>\n\n\n\n<p>Pour venir penser \u00e0 la nouvelle ligne de TRAM ligneD sortie barri\u00e8re du M\u00e9doc<\/p>\n\n\n\n<p>Sinon pour vous garer des places bien souvent \u00e0 proximit\u00e9 mais payant<\/p>\n","protected":false},"excerpt":{"rendered":"<p>06 42 57 33 98 gillesclautrier@orange.fr Espace Carnot Sant\u00e9 &amp; Bien -\u00eatre 4 avenue Carnot 33200 Bordeaux Mes horaires d&#8217;ouverture : du lundi au samedi de 9H \u00e0 19H Pour &hellip; <\/p>\n","protected":false},"author":1,"featured_media":80,"parent":0,"menu_order":0,"comment_status":"closed","ping_status":"closed","template":"","meta":{"footnotes":""},"class_list":["post-100","page","type-page","status-publish","has-post-thumbnail","hentry"],"_links":{"self":[{"href":"https:\/\/ouvrezvousaubienetre.com\/index.php?rest_route=\/wp\/v2\/pages\/100","targetHints":{"allow":["GET"]}}],"collection":[{"href":"https:\/\/ouvrezvousaubienetre.com\/index.php?rest_route=\/wp\/v2\/pages"}],"about":[{"href":"https:\/\/ouvrezvousaubienetre.com\/index.php?rest_route=\/wp\/v2\/types\/page"}],"author":[{"embeddable":true,"href":"https:\/\/ouvrezvousaubienetre.com\/index.php?rest_route=\/wp\/v2\/users\/1"}],"replies":[{"embeddable":true,"href":"https:\/\/ouvrezvousaubienetre.com\/index.php?rest_route=%2Fwp%2Fv2%2Fcomments&post=100"}],"version-history":[{"count":1,"href":"https:\/\/ouvrezvousaubienetre.com\/index.php?rest_route=\/wp\/v2\/pages\/100\/revisions"}],"predecessor-version":[{"id":101,"href":"https:\/\/ouvrezvousaubienetre.com\/index.php?rest_route=\/wp\/v2\/pages\/100\/revisions\/101"}],"wp:featuredmedia":[{"embeddable":true,"href":"https:\/\/ouvrezvousaubienetre.com\/index.php?rest_route=\/wp\/v2\/media\/80"}],"wp:attachment":[{"href":"https:\/\/ouvrezvousaubienetre.com\/index.php?rest_route=%2Fwp%2Fv2%2Fmedia&parent=100"}],"curies":[{"name":"wp","href":"https:\/\/api.w.org\/{rel}","templated":true}]}}