{"id":103,"date":"2025-10-26T21:42:55","date_gmt":"2025-10-26T20:42:55","guid":{"rendered":"https:\/\/ouvrezvousaubienetre.com\/?page_id=103"},"modified":"2025-10-29T13:36:52","modified_gmt":"2025-10-29T12:36:52","slug":"temoignages","status":"publish","type":"page","link":"https:\/\/ouvrezvousaubienetre.com\/?page_id=103","title":{"rendered":"T\u00e9moignages"},"content":{"rendered":"<div id=\"TA_selfserveprop783\" class=\"TA_selfserveprop\">\n<ul id=\"wZFmg8um\" class=\"TA_links qXngX2O3B\">\n<li id=\"1GROEtAGpI\" class=\"zLOLWw36\"><a target=\"_blank\" href=\"https:\/\/www.tripadvisor.fr\/Attraction_Review-g187079-d15087527-Reviews-Ouvrez_Vous_au_Bien_Etre-Bordeaux_Gironde_Nouvelle_Aquitaine.html\"><img decoding=\"async\" src=\"https:\/\/www.tripadvisor.fr\/img\/cdsi\/img2\/branding\/v2\/Tripadvisor_lockup_horizontal_secondary_registered-11900-2.svg\" alt=\"TripAdvisor\"\/><\/a><\/li>\n<\/ul>\n<\/div>\n<p><script async src=\"https:\/\/www.jscache.com\/wejs?wtype=selfserveprop&amp;uniq=783&amp;locationId=15087527&amp;lang=fr&amp;rating=true&amp;nreviews=4&amp;writereviewlink=true&amp;popIdx=true&amp;iswide=true&amp;border=true&amp;display_version=2\" data-loadtrk onload=\"this.loadtrk=true\"><\/script><\/p>\n\n\n\n<p>Ce que pensent mes clients<\/p>\n\n\n\n<p>Vous pouvez aussi partager votre exp\u00e9rience ! cela m&#8217;aidera \u00e0 mieux r\u00e9pondre \u00e0 vos attentes<\/p>\n\n\n\n<p>Merci<\/p>\n\n\n<nav class=\"is-responsive wp-block-navigation is-layout-flex wp-block-navigation-is-layout-flex\" aria-label=\"Primary\" \n\t\t data-wp-interactive=\"core\/navigation\" data-wp-context='{\"overlayOpenedBy\":{\"click\":false,\"hover\":false,\"focus\":false},\"type\":\"overlay\",\"roleAttribute\":\"\",\"ariaLabel\":\"Menu\"}'><button aria-haspopup=\"dialog\" aria-label=\"Open menu\" class=\"wp-block-navigation__responsive-container-open\" \n\t\t\t\tdata-wp-on--click=\"actions.openMenuOnClick\"\n\t\t\t\tdata-wp-on--keydown=\"actions.handleMenuKeydown\"\n\t\t\t><svg width=\"24\" height=\"24\" xmlns=\"http:\/\/www.w3.org\/2000\/svg\" viewBox=\"0 0 24 24\" aria-hidden=\"true\" focusable=\"false\"><path d=\"M4 7.5h16v1.5H4z\"><\/path><path d=\"M4 15h16v1.5H4z\"><\/path><\/svg><\/button>\n\t\t\t\t<div class=\"wp-block-navigation__responsive-container\"  id=\"modal-1\" \n\t\t\t\tdata-wp-class--has-modal-open=\"state.isMenuOpen\"\n\t\t\t\tdata-wp-class--is-menu-open=\"state.isMenuOpen\"\n\t\t\t\tdata-wp-watch=\"callbacks.initMenu\"\n\t\t\t\tdata-wp-on--keydown=\"actions.handleMenuKeydown\"\n\t\t\t\tdata-wp-on--focusout=\"actions.handleMenuFocusout\"\n\t\t\t\ttabindex=\"-1\"\n\t\t\t>\n\t\t\t\t\t<div class=\"wp-block-navigation__responsive-close\" tabindex=\"-1\">\n\t\t\t\t\t\t<div class=\"wp-block-navigation__responsive-dialog\" \n\t\t\t\tdata-wp-bind--aria-modal=\"state.ariaModal\"\n\t\t\t\tdata-wp-bind--aria-label=\"state.ariaLabel\"\n\t\t\t\tdata-wp-bind--role=\"state.roleAttribute\"\n\t\t\t>\n\t\t\t\t\t\t\t<button aria-label=\"Close menu\" class=\"wp-block-navigation__responsive-container-close\" \n\t\t\t\tdata-wp-on--click=\"actions.closeMenuOnClick\"\n\t\t\t><svg xmlns=\"http:\/\/www.w3.org\/2000\/svg\" viewBox=\"0 0 24 24\" width=\"24\" height=\"24\" aria-hidden=\"true\" focusable=\"false\"><path d=\"m13.06 12 6.47-6.47-1.06-1.06L12 10.94 5.53 4.47 4.47 5.53 10.94 12l-6.47 6.47 1.06 1.06L12 13.06l6.47 6.47 1.06-1.06L13.06 12Z\"><\/path><\/svg><\/button>\n\t\t\t\t\t\t\t<div class=\"wp-block-navigation__responsive-container-content\" \n\t\t\t\tdata-wp-watch=\"callbacks.focusFirstElement\"\n\t\t\t id=\"modal-1-content\">\n\t\t\t\t\t\t\t\t<ul class=\"wp-block-navigation__container is-responsive wp-block-navigation\"><li class=\" wp-block-navigation-item  menu-item menu-item-type-custom menu-item-object-custom menu-item-home wp-block-navigation-link\"><a class=\"wp-block-navigation-item__content\"  href=\"https:\/\/g.page\/r\/CQeQ57NyLQwBEBM\/review\" title=\"\"><span class=\"wp-block-navigation-item__label\">Donner votre avis sur Google<\/span><\/a><\/li><\/ul>\n\t\t\t\t\t\t\t<\/div>\n\t\t\t\t\t\t<\/div>\n\t\t\t\t\t<\/div>\n\t\t\t\t<\/div><\/nav>\n\n\n<p><\/p>\n","protected":false},"excerpt":{"rendered":"<p>Ce que pensent mes clients Vous pouvez aussi partager votre exp\u00e9rience ! cela m&#8217;aidera \u00e0 mieux r\u00e9pondre \u00e0 vos attentes Merci<\/p>\n","protected":false},"author":1,"featured_media":80,"parent":0,"menu_order":0,"comment_status":"closed","ping_status":"closed","template":"","meta":{"footnotes":""},"class_list":["post-103","page","type-page","status-publish","has-post-thumbnail","hentry"],"_links":{"self":[{"href":"https:\/\/ouvrezvousaubienetre.com\/index.php?rest_route=\/wp\/v2\/pages\/103","targetHints":{"allow":["GET"]}}],"collection":[{"href":"https:\/\/ouvrezvousaubienetre.com\/index.php?rest_route=\/wp\/v2\/pages"}],"about":[{"href":"https:\/\/ouvrezvousaubienetre.com\/index.php?rest_route=\/wp\/v2\/types\/page"}],"author":[{"embeddable":true,"href":"https:\/\/ouvrezvousaubienetre.com\/index.php?rest_route=\/wp\/v2\/users\/1"}],"replies":[{"embeddable":true,"href":"https:\/\/ouvrezvousaubienetre.com\/index.php?rest_route=%2Fwp%2Fv2%2Fcomments&post=103"}],"version-history":[{"count":4,"href":"https:\/\/ouvrezvousaubienetre.com\/index.php?rest_route=\/wp\/v2\/pages\/103\/revisions"}],"predecessor-version":[{"id":110,"href":"https:\/\/ouvrezvousaubienetre.com\/index.php?rest_route=\/wp\/v2\/pages\/103\/revisions\/110"}],"wp:featuredmedia":[{"embeddable":true,"href":"https:\/\/ouvrezvousaubienetre.com\/index.php?rest_route=\/wp\/v2\/media\/80"}],"wp:attachment":[{"href":"https:\/\/ouvrezvousaubienetre.com\/index.php?rest_route=%2Fwp%2Fv2%2Fmedia&parent=103"}],"curies":[{"name":"wp","href":"https:\/\/api.w.org\/{rel}","templated":true}]}}