{"id":70,"date":"2025-10-26T19:02:49","date_gmt":"2025-10-26T18:02:49","guid":{"rendered":"https:\/\/ouvrezvousaubienetre.com\/?page_id=70"},"modified":"2025-10-26T19:23:12","modified_gmt":"2025-10-26T18:23:12","slug":"le-centre-espace-carnot-sante-bien-etre","status":"publish","type":"page","link":"https:\/\/ouvrezvousaubienetre.com\/?page_id=70","title":{"rendered":"Le Centre"},"content":{"rendered":"\n<p><\/p>\n\n\n\n<p>Il regroupe diff\u00e9rents praticiens\/th\u00e9rapeuthes qualifi\u00e9s de diff\u00e9rentes disciplines.<\/p>\n\n\n\n<p>Mes coll\u00e8gues Mathilde &amp; Linda  masseuse\/ Esth\u00e9ticienne sont la pour m&#8217; assister dans les massages en Duo.<\/p>\n\n\n\n<figure class=\"wp-block-gallery has-nested-images columns-default is-cropped wp-block-gallery-1 is-layout-flex wp-block-gallery-is-layout-flex\">\n<figure class=\"wp-block-image size-large is-resized\"><img loading=\"lazy\" decoding=\"async\" width=\"1024\" height=\"768\" data-id=\"77\" src=\"https:\/\/ouvrezvousaubienetre.com\/wp-content\/uploads\/2025\/10\/IMG_20250430_111030-2-1024x768.jpg\" alt=\"\" class=\"wp-image-77\" style=\"width:267px;height:auto\" srcset=\"https:\/\/ouvrezvousaubienetre.com\/wp-content\/uploads\/2025\/10\/IMG_20250430_111030-2-1024x768.jpg 1024w, https:\/\/ouvrezvousaubienetre.com\/wp-content\/uploads\/2025\/10\/IMG_20250430_111030-2-300x225.jpg 300w, https:\/\/ouvrezvousaubienetre.com\/wp-content\/uploads\/2025\/10\/IMG_20250430_111030-2-768x576.jpg 768w, https:\/\/ouvrezvousaubienetre.com\/wp-content\/uploads\/2025\/10\/IMG_20250430_111030-2-1536x1152.jpg 1536w, https:\/\/ouvrezvousaubienetre.com\/wp-content\/uploads\/2025\/10\/IMG_20250430_111030-2-2048x1536.jpg 2048w, https:\/\/ouvrezvousaubienetre.com\/wp-content\/uploads\/2025\/10\/IMG_20250430_111030-2-640x480.jpg 640w, https:\/\/ouvrezvousaubienetre.com\/wp-content\/uploads\/2025\/10\/IMG_20250430_111030-2-110x83.jpg 110w\" sizes=\"auto, (max-width: 1024px) 100vw, 1024px\" \/><\/figure>\n\n\n\n<figure class=\"wp-block-image size-large is-resized\"><img loading=\"lazy\" decoding=\"async\" width=\"1024\" height=\"768\" data-id=\"84\" src=\"https:\/\/ouvrezvousaubienetre.com\/wp-content\/uploads\/2025\/10\/IMG_20250430_113452-1024x768.jpg\" alt=\"\" class=\"wp-image-84\" style=\"width:266px;height:auto\" srcset=\"https:\/\/ouvrezvousaubienetre.com\/wp-content\/uploads\/2025\/10\/IMG_20250430_113452-1024x768.jpg 1024w, https:\/\/ouvrezvousaubienetre.com\/wp-content\/uploads\/2025\/10\/IMG_20250430_113452-300x225.jpg 300w, https:\/\/ouvrezvousaubienetre.com\/wp-content\/uploads\/2025\/10\/IMG_20250430_113452-768x576.jpg 768w, https:\/\/ouvrezvousaubienetre.com\/wp-content\/uploads\/2025\/10\/IMG_20250430_113452-1536x1152.jpg 1536w, https:\/\/ouvrezvousaubienetre.com\/wp-content\/uploads\/2025\/10\/IMG_20250430_113452-2048x1536.jpg 2048w, https:\/\/ouvrezvousaubienetre.com\/wp-content\/uploads\/2025\/10\/IMG_20250430_113452-640x480.jpg 640w, https:\/\/ouvrezvousaubienetre.com\/wp-content\/uploads\/2025\/10\/IMG_20250430_113452-110x83.jpg 110w\" sizes=\"auto, (max-width: 1024px) 100vw, 1024px\" \/><\/figure>\n\n\n\n<figure class=\"wp-block-image size-large is-resized\"><img loading=\"lazy\" decoding=\"async\" width=\"1024\" height=\"768\" data-id=\"78\" src=\"https:\/\/ouvrezvousaubienetre.com\/wp-content\/uploads\/2025\/10\/IMG_20250430_111353-2-1024x768.jpg\" alt=\"\" class=\"wp-image-78\" style=\"width:267px;height:auto\" srcset=\"https:\/\/ouvrezvousaubienetre.com\/wp-content\/uploads\/2025\/10\/IMG_20250430_111353-2-1024x768.jpg 1024w, https:\/\/ouvrezvousaubienetre.com\/wp-content\/uploads\/2025\/10\/IMG_20250430_111353-2-300x225.jpg 300w, https:\/\/ouvrezvousaubienetre.com\/wp-content\/uploads\/2025\/10\/IMG_20250430_111353-2-768x576.jpg 768w, https:\/\/ouvrezvousaubienetre.com\/wp-content\/uploads\/2025\/10\/IMG_20250430_111353-2-1536x1152.jpg 1536w, https:\/\/ouvrezvousaubienetre.com\/wp-content\/uploads\/2025\/10\/IMG_20250430_111353-2-2048x1536.jpg 2048w, https:\/\/ouvrezvousaubienetre.com\/wp-content\/uploads\/2025\/10\/IMG_20250430_111353-2-640x480.jpg 640w, https:\/\/ouvrezvousaubienetre.com\/wp-content\/uploads\/2025\/10\/IMG_20250430_111353-2-110x83.jpg 110w\" sizes=\"auto, (max-width: 1024px) 100vw, 1024px\" \/><\/figure>\n<\/figure>\n\n\n\n<p><\/p>\n","protected":false},"excerpt":{"rendered":"<p>Il regroupe diff\u00e9rents praticiens\/th\u00e9rapeuthes qualifi\u00e9s de diff\u00e9rentes disciplines. Mes coll\u00e8gues Mathilde &amp; Linda masseuse\/ Esth\u00e9ticienne sont la pour m&#8217; assister dans les massages en Duo.<\/p>\n","protected":false},"author":1,"featured_media":80,"parent":0,"menu_order":0,"comment_status":"closed","ping_status":"closed","template":"","meta":{"footnotes":""},"class_list":["post-70","page","type-page","status-publish","has-post-thumbnail","hentry"],"_links":{"self":[{"href":"https:\/\/ouvrezvousaubienetre.com\/index.php?rest_route=\/wp\/v2\/pages\/70","targetHints":{"allow":["GET"]}}],"collection":[{"href":"https:\/\/ouvrezvousaubienetre.com\/index.php?rest_route=\/wp\/v2\/pages"}],"about":[{"href":"https:\/\/ouvrezvousaubienetre.com\/index.php?rest_route=\/wp\/v2\/types\/page"}],"author":[{"embeddable":true,"href":"https:\/\/ouvrezvousaubienetre.com\/index.php?rest_route=\/wp\/v2\/users\/1"}],"replies":[{"embeddable":true,"href":"https:\/\/ouvrezvousaubienetre.com\/index.php?rest_route=%2Fwp%2Fv2%2Fcomments&post=70"}],"version-history":[{"count":3,"href":"https:\/\/ouvrezvousaubienetre.com\/index.php?rest_route=\/wp\/v2\/pages\/70\/revisions"}],"predecessor-version":[{"id":85,"href":"https:\/\/ouvrezvousaubienetre.com\/index.php?rest_route=\/wp\/v2\/pages\/70\/revisions\/85"}],"wp:featuredmedia":[{"embeddable":true,"href":"https:\/\/ouvrezvousaubienetre.com\/index.php?rest_route=\/wp\/v2\/media\/80"}],"wp:attachment":[{"href":"https:\/\/ouvrezvousaubienetre.com\/index.php?rest_route=%2Fwp%2Fv2%2Fmedia&parent=70"}],"curies":[{"name":"wp","href":"https:\/\/api.w.org\/{rel}","templated":true}]}}