{"id":94,"date":"2025-10-26T20:32:59","date_gmt":"2025-10-26T19:32:59","guid":{"rendered":"https:\/\/ouvrezvousaubienetre.com\/?page_id=94"},"modified":"2025-10-26T20:47:03","modified_gmt":"2025-10-26T19:47:03","slug":"qui-je-suis","status":"publish","type":"page","link":"https:\/\/ouvrezvousaubienetre.com\/?page_id=94","title":{"rendered":"Qui je suis"},"content":{"rendered":"\n<h2 class=\"wp-block-heading\"><\/h2>\n\n\n<div class=\"wp-block-image\">\n<figure class=\"alignleft is-resized\"><img loading=\"lazy\" decoding=\"async\" width=\"674\" height=\"697\" src=\"https:\/\/ouvrezvousaubienetre.com\/wp-content\/uploads\/2025\/10\/gillesportraitsepia.jpg\" alt=\"\" class=\"wp-image-64\" style=\"width:245px;height:auto\" srcset=\"https:\/\/ouvrezvousaubienetre.com\/wp-content\/uploads\/2025\/10\/gillesportraitsepia.jpg 674w, https:\/\/ouvrezvousaubienetre.com\/wp-content\/uploads\/2025\/10\/gillesportraitsepia-290x300.jpg 290w\" sizes=\"auto, (max-width: 674px) 100vw, 674px\" \/><\/figure>\n<\/div>\n\n\n<p>Apr\u00e8s une experience de plus de 15 ans en entreprise sur des postes d\u2019ing\u00e9nieur en informatique, je me suis orient\u00e9 dans le secteur du bien -\u00eatre.Form\u00e9 aux techniques de massages de relaxation (Massage cr\u00e9atif, Ayrv\u00e9dique, Deep Tissue, Lomi Lomi \u2026) et au massage&nbsp; assis \u00e0 l\u2019institut Figari- Paris, j\u2019ai obtenu&nbsp; le dipl\u00f4me de Praticien en massage cr\u00e9atif.<\/p>\n\n\n\n<p>Cr\u00e9e en septembre 2013, ma structure est sp\u00e9cialis\u00e9e dans le massage de relaxation. Actuellement je pratique en cabinet sur Bordeaux et \u00e0 domicile.<\/p>\n\n\n\n<p>La philosophie de mon massage , c\u2019est l\u2019attention et le respect de la personne mass\u00e9e aussi bien au niveau&nbsp; dema propre technique que des sensations ressenties et des \u00e9motions d\u00e9gag\u00e9es. C\u2019est donc \u00eatre \u00e0 son \u00e9coute&nbsp; et \u00e0 l\u2019\u00e9coute de son corps pour r\u00e9aliser&nbsp; un massage adapt\u00e9&nbsp; qui lui corresponde.<\/p>\n","protected":false},"excerpt":{"rendered":"<p>Apr\u00e8s une experience de plus de 15 ans en entreprise sur des postes d\u2019ing\u00e9nieur en informatique, je me suis orient\u00e9 dans le secteur du bien -\u00eatre.Form\u00e9 aux techniques de massages &hellip; <\/p>\n","protected":false},"author":1,"featured_media":80,"parent":0,"menu_order":0,"comment_status":"closed","ping_status":"closed","template":"","meta":{"footnotes":""},"class_list":["post-94","page","type-page","status-publish","has-post-thumbnail","hentry"],"_links":{"self":[{"href":"https:\/\/ouvrezvousaubienetre.com\/index.php?rest_route=\/wp\/v2\/pages\/94","targetHints":{"allow":["GET"]}}],"collection":[{"href":"https:\/\/ouvrezvousaubienetre.com\/index.php?rest_route=\/wp\/v2\/pages"}],"about":[{"href":"https:\/\/ouvrezvousaubienetre.com\/index.php?rest_route=\/wp\/v2\/types\/page"}],"author":[{"embeddable":true,"href":"https:\/\/ouvrezvousaubienetre.com\/index.php?rest_route=\/wp\/v2\/users\/1"}],"replies":[{"embeddable":true,"href":"https:\/\/ouvrezvousaubienetre.com\/index.php?rest_route=%2Fwp%2Fv2%2Fcomments&post=94"}],"version-history":[{"count":3,"href":"https:\/\/ouvrezvousaubienetre.com\/index.php?rest_route=\/wp\/v2\/pages\/94\/revisions"}],"predecessor-version":[{"id":97,"href":"https:\/\/ouvrezvousaubienetre.com\/index.php?rest_route=\/wp\/v2\/pages\/94\/revisions\/97"}],"wp:featuredmedia":[{"embeddable":true,"href":"https:\/\/ouvrezvousaubienetre.com\/index.php?rest_route=\/wp\/v2\/media\/80"}],"wp:attachment":[{"href":"https:\/\/ouvrezvousaubienetre.com\/index.php?rest_route=%2Fwp%2Fv2%2Fmedia&parent=94"}],"curies":[{"name":"wp","href":"https:\/\/api.w.org\/{rel}","templated":true}]}}